{"id":2086,"date":"2020-02-27T17:08:08","date_gmt":"2020-02-27T22:08:08","guid":{"rendered":"https:\/\/gpsites.co\/avery\/?page_id=2086"},"modified":"2020-02-27T17:08:08","modified_gmt":"2020-02-27T22:08:08","slug":"contact","status":"publish","type":"page","link":"https:\/\/www.zivotsesyndromem.cz\/?page_id=2086","title":{"rendered":"Contact"},"content":{"rendered":"<div class=\"gb-container gb-container-2761b1e2\">\n\n<h2 class=\"gb-headline gb-headline-2a4c27f3\"><span class=\"gb-icon\"><svg viewBox=\"0 0 50 67.276\" xmlns=\"http:\/\/www.w3.org\/2000\/svg\"><path d=\"M20.7 55.975a3.022 3.022 0 000 6.044h8.602a3.022 3.022 0 000-6.044H20.7zm9.784 3.023a1.185 1.185 0 01-1.183 1.183H20.7a1.183 1.183 0 110-2.366h8.602a1.185 1.185 0 011.183 1.181v.002zM0 29.238v-4.141a.92.92 0 011.84 0v4.139a.92.92 0 01-1.84 0v.002zm46.975-17.082h-1.348V3.021A3.025 3.025 0 0042.608 0H7.393a3.026 3.026 0 00-3.022 3.022v9.132H3.024a3.026 3.026 0 00-3.022 3.022v3.811a.92.92 0 001.84 0v-3.811a1.185 1.185 0 011.183-1.183h43.953c.653.001 1.182.53 1.183 1.183V39.55a1.185 1.185 0 01-1.183 1.183H30.979a.92.92 0 00-.723.351L25 47.755l-5.256-6.671a.926.926 0 00-.723-.351H3.024a1.185 1.185 0 01-1.183-1.183v-4.205a.92.92 0 00-1.84 0v4.205a3.026 3.026 0 003.022 3.022h1.348v21.679a3.026 3.026 0 003.021 3.024h35.215a3.026 3.026 0 003.022-3.022v-21.68h1.348a3.026 3.026 0 003.022-3.022V15.176a3.025 3.025 0 00-3.023-3.022l-.001.002zM37.089 1.84v2.759a1.185 1.185 0 01-1.183 1.183H14.095a1.185 1.185 0 01-1.183-1.183V1.84h24.177zM6.212 12.154V3.021c.002-.652.53-1.18 1.182-1.181h3.679v2.759a3.026 3.026 0 003.022 3.022h21.812a3.026 3.026 0 003.022-3.022V1.84h3.679c.653.001 1.182.53 1.183 1.183v9.132H6.212zm37.58 52.098a1.185 1.185 0 01-1.183 1.183H7.395a1.185 1.185 0 01-1.183-1.183V42.573h12.364l5.702 7.238a.92.92 0 001.446 0l5.702-7.238H43.79l.002 21.679zM18.159 22.714a2.652 2.652 0 00-.044 3.714l6.871 7.232 6.904-7.232a2.664 2.664 0 00.724-2.05.92.92 0 111.834-.148 4.506 4.506 0 01-1.224 3.469l-6.874 7.23a1.86 1.86 0 01-2.696 0l-6.874-7.23a4.484 4.484 0 01.073-6.277 4.623 4.623 0 013.27-1.326h.239c1.722.005 3.38.66 4.641 1.833a6.845 6.845 0 014.641-1.835.92.92 0 010 1.84 4.985 4.985 0 00-3.914 1.918.953.953 0 01-1.454 0 4.985 4.985 0 00-3.914-1.918h-.239a2.773 2.773 0 00-1.965.782l.001-.002z\"><\/path><\/svg><\/span><span class=\"gb-headline-text\">Send a message and I&#8217;ll get right back to you<\/span><\/h2>\n\n\n\n<p class=\"gb-headline gb-headline-4b6d5011 gb-headline-text\">[ your favorite contact form plugin ]<\/p>\n\n<\/div>","protected":false},"excerpt":{"rendered":"<p> &#8230; <a title=\"Contact\" class=\"read-more\" href=\"https:\/\/www.zivotsesyndromem.cz\/?page_id=2086\" aria-label=\"\u010c\u00edst v\u00edce o Contact\">Read More<\/a><\/p>\n","protected":false},"author":0,"featured_media":0,"parent":0,"menu_order":0,"comment_status":"closed","ping_status":"closed","template":"","meta":{"footnotes":""},"class_list":["post-2086","page","type-page","status-publish"],"_links":{"self":[{"href":"https:\/\/www.zivotsesyndromem.cz\/index.php?rest_route=\/wp\/v2\/pages\/2086","targetHints":{"allow":["GET"]}}],"collection":[{"href":"https:\/\/www.zivotsesyndromem.cz\/index.php?rest_route=\/wp\/v2\/pages"}],"about":[{"href":"https:\/\/www.zivotsesyndromem.cz\/index.php?rest_route=\/wp\/v2\/types\/page"}],"replies":[{"embeddable":true,"href":"https:\/\/www.zivotsesyndromem.cz\/index.php?rest_route=%2Fwp%2Fv2%2Fcomments&post=2086"}],"version-history":[{"count":0,"href":"https:\/\/www.zivotsesyndromem.cz\/index.php?rest_route=\/wp\/v2\/pages\/2086\/revisions"}],"wp:attachment":[{"href":"https:\/\/www.zivotsesyndromem.cz\/index.php?rest_route=%2Fwp%2Fv2%2Fmedia&parent=2086"}],"curies":[{"name":"wp","href":"https:\/\/api.w.org\/{rel}","templated":true}]}}