{"id":25,"date":"2020-02-13T13:17:50","date_gmt":"2020-02-13T18:17:50","guid":{"rendered":"https:\/\/gpsites.co\/avery\/?page_id=25"},"modified":"2024-01-25T21:49:53","modified_gmt":"2024-01-25T20:49:53","slug":"home","status":"publish","type":"page","link":"https:\/\/www.zivotsesyndromem.cz\/","title":{"rendered":"Home"},"content":{"rendered":"<div class=\"gb-container gb-container-9d00a292\">\n<div class=\"gb-container gb-container-953524e4\">\n\n<h1 class=\"gb-headline gb-headline-0d1cf1d8 gb-headline-text\">V\u00edte, <strong>jak se \u017eije se syndromem<\/strong>? <br>Tady se dozv\u00edte o tom, jak\u00fd to je narodit se  <strong>Treacher Collins<\/strong> syndromem nebo s <strong>Goldenhar<\/strong> syndromem&#8230;<\/h1>\n\n\n\n<figure class=\"wp-block-image size-large\"><img decoding=\"async\" src=\"https:\/\/c3fddc4432.clvaw-cdnwnd.com\/2abb7864c3de064bb0d141ff871d5dd2\/200001826-9f7e09f7e3\/700\/pr%C5%AFhledn%C3%A9_logo-1.webp?ph=c3fddc4432\" alt=\"\"\/><\/figure>\n\n<\/div>\n<\/div>\n\n<div class=\"gb-container gb-container-56083ea0\">\n\n<h2 class=\"gb-headline gb-headline-8e2bfc7b\"><span class=\"gb-icon\"><svg viewBox=\"0 0 50 44.873\" xmlns=\"http:\/\/www.w3.org\/2000\/svg\"><path d=\"M0 31.178V29.05a.684.684 0 111.368 0v2.128a.684.684 0 11-1.368 0zm19.428-8.558h.273a6.062 6.062 0 014.76 2.333.71.71 0 001.081 0 5.984 5.984 0 014.76-2.333h.363a.684.684 0 100-1.368h-.363A7.333 7.333 0 0025 23.492a7.45 7.45 0 00-5.299-2.24h-.273a4.908 4.908 0 00-3.474 1.406 4.755 4.755 0 00-.078 6.657l7.849 8.259a1.757 1.757 0 002.549 0l7.85-8.259a4.754 4.754 0 001.172-4.448.684.684 0 10-1.328.332 3.393 3.393 0 01-.836 3.175l-7.848 8.259a.39.39 0 01-.552.015l-.015-.015-7.849-8.259a3.395 3.395 0 01.057-4.753 3.525 3.525 0 012.503-1.001zM50 6.885v35.742a2.248 2.248 0 01-2.246 2.246H2.246A2.249 2.249 0 010 42.626v-6.323a.684.684 0 111.368 0v6.322a.88.88 0 00.879.879h45.508a.88.88 0 00.879-.879V15.87H1.367v8.054a.684.684 0 11-1.367 0V6.885a2.248 2.248 0 012.246-2.246h3.123V1.855A1.857 1.857 0 017.225 0h.781a1.857 1.857 0 011.855 1.855v2.783h4.201V1.855A1.858 1.858 0 0115.918 0h.781a1.857 1.857 0 011.855 1.855v2.783h4.199V1.855A1.858 1.858 0 0124.609 0h.781a1.857 1.857 0 011.855 1.855v2.783h4.199V1.855A1.86 1.86 0 0133.301 0h.781a1.857 1.857 0 011.855 1.855v2.783h4.2V1.855A1.858 1.858 0 0141.993 0h.781a1.857 1.857 0 011.855 1.855v2.783h3.125A2.25 2.25 0 0150 6.885zm-8.494-1.563v3.467c0 .27.219.488.488.488h.781a.489.489 0 00.488-.488V1.855a.488.488 0 00-.488-.488h-.781a.488.488 0 00-.488.488v3.467zm-8.694 0v3.467c0 .27.219.488.488.488h.781a.489.489 0 00.488-.488V1.855a.488.488 0 00-.488-.488H33.3a.488.488 0 00-.488.488v3.467zm-8.692 0v3.467c0 .27.219.488.489.488h.781a.489.489 0 00.488-.488V1.855a.488.488 0 00-.488-.488h-.781a.488.488 0 00-.488.488l-.001 3.467zm-8.692 0v3.467c0 .27.219.488.488.488h.781a.49.49 0 00.49-.488V1.855a.488.488 0 00-.488-.488h-.781a.488.488 0 00-.488.488l-.002 3.467zm-8.692 0v3.467c0 .269.219.488.488.488h.781c.27 0 .488-.219.488-.488V1.855a.488.488 0 00-.488-.488h-.781a.488.488 0 00-.488.488v3.467zm41.897 9.18V6.885a.88.88 0 00-.879-.879h-3.125v2.783a1.857 1.857 0 01-1.855 1.855h-.781a1.857 1.857 0 01-1.855-1.855V6.006h-4.199v2.783a1.857 1.857 0 01-1.855 1.855h-.781a1.857 1.857 0 01-1.855-1.855V6.006h-4.199v2.783a1.857 1.857 0 01-1.855 1.855h-.781a1.857 1.857 0 01-1.855-1.855V6.006h-4.199v2.783a1.857 1.857 0 01-1.855 1.855h-.781a1.857 1.857 0 01-1.855-1.855V6.006H9.861v2.783a1.858 1.858 0 01-1.855 1.856h-.781a1.859 1.859 0 01-1.856-1.856V6.006H2.246a.88.88 0 00-.879.879v7.617h47.266z\"><\/path><\/svg><\/span><span class=\"gb-headline-text\">Nejnov\u011bj\u0161\u00ed p\u0159\u00edsp\u011bvky ze \u017eivota se syndromem: <\/span><\/h2>\n\n\n\n<div class=\"gb-grid-wrapper gb-grid-wrapper-1f092d8e gb-query-loop-wrapper\">\n<div class=\"gb-grid-column gb-grid-column-9ef31bf4 gb-query-loop-item post-796 post type-post status-publish format-gallery has-post-thumbnail hentry category-novinky category-sluchadla post_format-post-format-gallery\"><div class=\"gb-container gb-container-9ef31bf4\">\n<h2 class=\"gb-headline gb-headline-20171c8c gb-headline-text\"><a href=\"https:\/\/www.zivotsesyndromem.cz\/?p=796\">Z\u00e1kaznick\u00fd servis v \u010cR &#8211; Cochlear &#8211; BAHA, OSIA<\/a><\/h2>\n\n\n<div class=\"wp-block-columns is-layout-flex wp-container-core-columns-is-layout-9d6595d7 wp-block-columns-is-layout-flex\">\n<div class=\"wp-block-column is-layout-flow wp-block-column-is-layout-flow\" style=\"flex-basis:100%\">\n<figure class=\"wp-block-image size-full\"><img loading=\"lazy\" decoding=\"async\" width=\"178\" height=\"151\" src=\"https:\/\/www.zivotsesyndromem.cz\/wp-content\/uploads\/2023\/11\/new.jpg\" alt=\"\" class=\"wp-image-3570\"\/><\/figure>\n<\/div>\n<\/div>\n\n\n<div class=\"gb-container gb-container-f1b23427\">\n<p class=\"gb-headline gb-headline-07f587ef gb-headline-text\">Eva Doj\u010darov\u00e1<\/p>\n\n\n<p class=\"gb-headline gb-headline-ff0ad63d gb-headline-text\">|<\/p>\n\n\n<p class=\"gb-headline gb-headline-66e2521f gb-headline-text\"><time class=\"entry-date published\" datetime=\"2023-11-12T22:29:00+01:00\">12\/11\/2023<\/time><\/p>\n<\/div>\n<\/div><\/div>\n\n<div class=\"gb-grid-column gb-grid-column-9ef31bf4 gb-query-loop-item post-3559 post type-post status-publish format-standard has-post-thumbnail hentry category-nezarazene category-novinky category-sluchadla\"><div class=\"gb-container gb-container-9ef31bf4\">\n<h2 class=\"gb-headline gb-headline-20171c8c gb-headline-text\"><a href=\"https:\/\/www.zivotsesyndromem.cz\/?p=3559\">Nejnov\u011bj\u0161\u00ed typ naslouchadel &#8211; Osia a Osia 2 (Cochlear)<\/a><\/h2>\n\n\n<div class=\"wp-block-columns is-layout-flex wp-container-core-columns-is-layout-9d6595d7 wp-block-columns-is-layout-flex\">\n<div class=\"wp-block-column is-layout-flow wp-block-column-is-layout-flow\" style=\"flex-basis:100%\">\n<figure class=\"wp-block-image size-full\"><img loading=\"lazy\" decoding=\"async\" width=\"178\" height=\"151\" src=\"https:\/\/www.zivotsesyndromem.cz\/wp-content\/uploads\/2023\/11\/new.jpg\" alt=\"\" class=\"wp-image-3570\"\/><\/figure>\n<\/div>\n<\/div>\n\n\n<div class=\"gb-container gb-container-f1b23427\">\n<p class=\"gb-headline gb-headline-07f587ef gb-headline-text\">Eva Doj\u010darov\u00e1<\/p>\n\n\n<p class=\"gb-headline gb-headline-ff0ad63d gb-headline-text\">|<\/p>\n\n\n<p class=\"gb-headline gb-headline-66e2521f gb-headline-text\"><time class=\"entry-date published\" datetime=\"2023-09-13T20:49:21+02:00\">13\/09\/2023<\/time><\/p>\n<\/div>\n<\/div><\/div>\n\n<div class=\"gb-grid-column gb-grid-column-9ef31bf4 gb-query-loop-item post-1 post type-post status-publish format-standard hentry category-nezarazene\"><div class=\"gb-container gb-container-9ef31bf4\">\n<h2 class=\"gb-headline gb-headline-20171c8c gb-headline-text\"><a href=\"https:\/\/www.zivotsesyndromem.cz\/?p=1\">Nov\u00e9 str\u00e1nky v nov\u00e9m kab\u00e1t\u011b<\/a><\/h2>\n\n\n<div class=\"wp-block-columns is-layout-flex wp-container-core-columns-is-layout-9d6595d7 wp-block-columns-is-layout-flex\">\n<div class=\"wp-block-column is-layout-flow wp-block-column-is-layout-flow\" style=\"flex-basis:100%\">\n<figure class=\"wp-block-image size-full\"><img loading=\"lazy\" decoding=\"async\" width=\"178\" height=\"151\" src=\"https:\/\/www.zivotsesyndromem.cz\/wp-content\/uploads\/2023\/11\/new.jpg\" alt=\"\" class=\"wp-image-3570\"\/><\/figure>\n<\/div>\n<\/div>\n\n\n<div class=\"gb-container gb-container-f1b23427\">\n<p class=\"gb-headline gb-headline-07f587ef gb-headline-text\">radan<\/p>\n\n\n<p class=\"gb-headline gb-headline-ff0ad63d gb-headline-text\">|<\/p>\n\n\n<p class=\"gb-headline gb-headline-66e2521f gb-headline-text\"><time class=\"entry-date published\" datetime=\"2023-08-12T08:41:26+02:00\">12\/08\/2023<\/time><\/p>\n<\/div>\n<\/div><\/div>\n<\/div>\n\n<\/div>\n\n<div class=\"gb-container gb-container-bf6c8d94\"><\/div>\n\n<div class=\"gb-container gb-container-27a23f41\">\n<div class=\"gb-container gb-container-9ebc9f32\">\n<div class=\"gb-container gb-container-47134a6e\">\n\n<h3 class=\"gb-headline gb-headline-68a0beb7 gb-headline-text\">O m\u011b a o n\u00e1s <\/h3>\n\n\n\n<p><\/p>\n\n\n\n<a class=\"gb-button gb-button-a6a5556e gb-button-text\" href=\"#\">Contact Me<\/a>\n\n<\/div>\n\n<div class=\"gb-container gb-container-4c4fc7cf\"><\/div>\n<\/div>\n<\/div>","protected":false},"excerpt":{"rendered":"<p> &#8230; <a title=\"Home\" class=\"read-more\" href=\"https:\/\/www.zivotsesyndromem.cz\/\" aria-label=\"\u010c\u00edst v\u00edce o Home\">Read More<\/a><\/p>\n","protected":false},"author":2,"featured_media":0,"parent":0,"menu_order":0,"comment_status":"closed","ping_status":"closed","template":"","meta":{"footnotes":""},"class_list":["post-25","page","type-page","status-publish"],"_links":{"self":[{"href":"https:\/\/www.zivotsesyndromem.cz\/index.php?rest_route=\/wp\/v2\/pages\/25","targetHints":{"allow":["GET"]}}],"collection":[{"href":"https:\/\/www.zivotsesyndromem.cz\/index.php?rest_route=\/wp\/v2\/pages"}],"about":[{"href":"https:\/\/www.zivotsesyndromem.cz\/index.php?rest_route=\/wp\/v2\/types\/page"}],"author":[{"embeddable":true,"href":"https:\/\/www.zivotsesyndromem.cz\/index.php?rest_route=\/wp\/v2\/users\/2"}],"replies":[{"embeddable":true,"href":"https:\/\/www.zivotsesyndromem.cz\/index.php?rest_route=%2Fwp%2Fv2%2Fcomments&post=25"}],"version-history":[{"count":11,"href":"https:\/\/www.zivotsesyndromem.cz\/index.php?rest_route=\/wp\/v2\/pages\/25\/revisions"}],"predecessor-version":[{"id":3571,"href":"https:\/\/www.zivotsesyndromem.cz\/index.php?rest_route=\/wp\/v2\/pages\/25\/revisions\/3571"}],"wp:attachment":[{"href":"https:\/\/www.zivotsesyndromem.cz\/index.php?rest_route=%2Fwp%2Fv2%2Fmedia&parent=25"}],"curies":[{"name":"wp","href":"https:\/\/api.w.org\/{rel}","templated":true}]}}